{"id":136,"date":"2019-02-28T18:23:25","date_gmt":"2019-02-28T17:23:25","guid":{"rendered":"http:\/\/alligatorslanderneau.com\/?page_id=136"},"modified":"2019-05-15T11:27:38","modified_gmt":"2019-05-15T09:27:38","slug":"contacts","status":"publish","type":"page","link":"https:\/\/alligatorslanderneau.com\/index.php\/contacts\/","title":{"rendered":"Contacts"},"content":{"rendered":"\n<p>Le club est situ\u00e9 au lieu dit La Garenne 29800 Landerneau.<\/p>\n\n\n\n<figure><iframe loading=\"lazy\" src=\"https:\/\/www.google.com\/maps\/embed?pb=!1m18!1m12!1m3!1d1322.9921927403182!2d-4.241164305318338!3d48.45682913113021!2m3!1f0!2f0!3f0!3m2!1i1024!2i768!4f13.1!3m3!1m2!1s0x4816b2cbe0e79c23%3A0x413c28d0f5bc3c6c!2sLes+Alligators%2C+Club+de+cano%C3%AB-kayak+de+Landerneau!5e0!3m2!1sfr!2sfr!4v1555617650423!5m2!1sfr!2sfr\" width=\"600\" height=\"450\" allowfullscreen=\"\"><\/iframe><\/figure>\n\n\n\n<p>Vous pouvez nous contacter par t\u00e9l\u00e9phone au 02.98.21.48.74<\/p>\n\n\n\n<p>ou par mail \u00e0 l&rsquo;adresse : alligators29800@gmail.com<\/p>\n\n\n\n<p><br><div role=\"form\" class=\"wpcf7\" id=\"wpcf7-f158-o1\" lang=\"fr-FR\" dir=\"ltr\">\n<div class=\"screen-reader-response\"><p role=\"status\" aria-live=\"polite\" aria-atomic=\"true\"><\/p> <ul><\/ul><\/div>\n<form action=\"\/index.php\/wp-json\/wp\/v2\/pages\/136#wpcf7-f158-o1\" method=\"post\" class=\"wpcf7-form init\" novalidate=\"novalidate\" data-status=\"init\">\n<div style=\"display: none;\">\n<input type=\"hidden\" name=\"_wpcf7\" value=\"158\" \/>\n<input type=\"hidden\" name=\"_wpcf7_version\" value=\"5.4\" \/>\n<input type=\"hidden\" name=\"_wpcf7_locale\" value=\"fr_FR\" \/>\n<input type=\"hidden\" name=\"_wpcf7_unit_tag\" value=\"wpcf7-f158-o1\" \/>\n<input type=\"hidden\" name=\"_wpcf7_container_post\" value=\"0\" \/>\n<input type=\"hidden\" name=\"_wpcf7_posted_data_hash\" value=\"\" \/>\n<\/div>\n<div class=\"wpcf7-response-output\" aria-hidden=\"true\"><\/div><\/form><\/div><br><\/p>\n","protected":false},"excerpt":{"rendered":"<p>Le club est situ\u00e9 au lieu dit La Garenne 29800 Landerneau. Vous pouvez nous contacter par t\u00e9l\u00e9phone au 02.98.21.48.74 ou par mail \u00e0 l&rsquo;adresse : alligators29800@gmail.com<\/p>\n","protected":false},"author":1,"featured_media":0,"parent":0,"menu_order":0,"comment_status":"closed","ping_status":"closed","template":"","meta":[],"_links":{"self":[{"href":"https:\/\/alligatorslanderneau.com\/index.php\/wp-json\/wp\/v2\/pages\/136"}],"collection":[{"href":"https:\/\/alligatorslanderneau.com\/index.php\/wp-json\/wp\/v2\/pages"}],"about":[{"href":"https:\/\/alligatorslanderneau.com\/index.php\/wp-json\/wp\/v2\/types\/page"}],"author":[{"embeddable":true,"href":"https:\/\/alligatorslanderneau.com\/index.php\/wp-json\/wp\/v2\/users\/1"}],"replies":[{"embeddable":true,"href":"https:\/\/alligatorslanderneau.com\/index.php\/wp-json\/wp\/v2\/comments?post=136"}],"version-history":[{"count":6,"href":"https:\/\/alligatorslanderneau.com\/index.php\/wp-json\/wp\/v2\/pages\/136\/revisions"}],"predecessor-version":[{"id":936,"href":"https:\/\/alligatorslanderneau.com\/index.php\/wp-json\/wp\/v2\/pages\/136\/revisions\/936"}],"wp:attachment":[{"href":"https:\/\/alligatorslanderneau.com\/index.php\/wp-json\/wp\/v2\/media?parent=136"}],"curies":[{"name":"wp","href":"https:\/\/api.w.org\/{rel}","templated":true}]}}