{"id":140,"date":"2019-02-28T18:26:05","date_gmt":"2019-02-28T17:26:05","guid":{"rendered":"http:\/\/alligatorslanderneau.com\/?page_id=140"},"modified":"2019-05-19T09:13:59","modified_gmt":"2019-05-19T07:13:59","slug":"lanimation-vers-le-public-exterieur","status":"publish","type":"page","link":"https:\/\/alligatorslanderneau.com\/index.php\/lanimation-vers-le-public-exterieur\/","title":{"rendered":"Nos animations"},"content":{"rendered":"\n<figure class=\"wp-block-image\"><img loading=\"lazy\" width=\"1024\" height=\"426\" src=\"http:\/\/alligatorslanderneau.com\/wp-content\/uploads\/2019\/05\/IVlarge-1024x426.jpg\" alt=\"\" class=\"wp-image-591\" srcset=\"https:\/\/alligatorslanderneau.com\/wp-content\/uploads\/2019\/05\/IVlarge-1024x426.jpg 1024w, https:\/\/alligatorslanderneau.com\/wp-content\/uploads\/2019\/05\/IVlarge-300x125.jpg 300w, https:\/\/alligatorslanderneau.com\/wp-content\/uploads\/2019\/05\/IVlarge-768x320.jpg 768w\" sizes=\"(max-width: 1024px) 100vw, 1024px\" \/><\/figure>\n\n\n\n<p>En dehors de l&rsquo;animation club des week-ends et mercredi, le club propose \u00e9galement des animations aux personnes ext\u00e9rieures au club:<\/p>\n\n\n\n<ul><li><a href=\"http:\/\/alligatorslanderneau.com\/index.php\/lanimation-vers-le-public-exterieur\/lanimation-scolaire\/\">Des s\u00e9ances pour les \u00e9tablissements scolaires<\/a><\/li><li><a href=\"http:\/\/alligatorslanderneau.com\/index.php\/lanimation-vers-le-public-exterieur\/lanimation-dete\/\">L&rsquo;animation d&rsquo;\u00e9t\u00e9\ufeff<\/a><\/li><\/ul>\n","protected":false},"excerpt":{"rendered":"<p>En dehors de l&rsquo;animation club des week-ends et mercredi, le club propose \u00e9galement des animations aux personnes ext\u00e9rieures au club: Des s\u00e9ances pour les \u00e9tablissements scolaires L&rsquo;animation d&rsquo;\u00e9t\u00e9\ufeff<\/p>\n","protected":false},"author":1,"featured_media":0,"parent":0,"menu_order":0,"comment_status":"closed","ping_status":"closed","template":"","meta":[],"_links":{"self":[{"href":"https:\/\/alligatorslanderneau.com\/index.php\/wp-json\/wp\/v2\/pages\/140"}],"collection":[{"href":"https:\/\/alligatorslanderneau.com\/index.php\/wp-json\/wp\/v2\/pages"}],"about":[{"href":"https:\/\/alligatorslanderneau.com\/index.php\/wp-json\/wp\/v2\/types\/page"}],"author":[{"embeddable":true,"href":"https:\/\/alligatorslanderneau.com\/index.php\/wp-json\/wp\/v2\/users\/1"}],"replies":[{"embeddable":true,"href":"https:\/\/alligatorslanderneau.com\/index.php\/wp-json\/wp\/v2\/comments?post=140"}],"version-history":[{"count":6,"href":"https:\/\/alligatorslanderneau.com\/index.php\/wp-json\/wp\/v2\/pages\/140\/revisions"}],"predecessor-version":[{"id":616,"href":"https:\/\/alligatorslanderneau.com\/index.php\/wp-json\/wp\/v2\/pages\/140\/revisions\/616"}],"wp:attachment":[{"href":"https:\/\/alligatorslanderneau.com\/index.php\/wp-json\/wp\/v2\/media?parent=140"}],"curies":[{"name":"wp","href":"https:\/\/api.w.org\/{rel}","templated":true}]}}