{"id":142,"date":"2019-02-28T18:26:27","date_gmt":"2019-02-28T17:26:27","guid":{"rendered":"http:\/\/alligatorslanderneau.com\/?page_id=142"},"modified":"2022-05-25T09:30:01","modified_gmt":"2022-05-25T07:30:01","slug":"lanimation-scolaire","status":"publish","type":"page","link":"https:\/\/alligatorslanderneau.com\/index.php\/lanimation-vers-le-public-exterieur\/lanimation-scolaire\/","title":{"rendered":"L&rsquo;animation scolaire"},"content":{"rendered":"\n<p>A travers les supports nautiques du cano\u00eb kayak, nous saurons adapter notre contenu pour r\u00e9pondre \u00e0 la demande de votre \u00e9tablissement ainsi qu\u2019aux consignes de l\u2019\u00e9ducation nationale.<\/p>\n\n\n\n<p>Le projet p\u00e9dagogique permet de r\u00e9pondre \u00e0 divers objectifs et comp\u00e9tences&nbsp;technique du support, et comp\u00e9tences transversales.<\/p>\n\n\n\n<ul><li>D\u00e9velopper sa motricit\u00e9 en adaptant ses d\u00e9placements \u00e0 divers types d\u2019environnement&nbsp;<\/li><li>S\u2019approprier l\u2019activit\u00e9 en d\u00e9veloppant des connaissances pr\u00e9cises individuelles et collectives sur l\u2019activit\u00e9 (habilit\u00e9s motrices, techniques sp\u00e9cifiques, mat\u00e9riels\u2026)<\/li><li>Apprendre \u00e0 entretenir sa sant\u00e9 et s\u2019approprier une culture physique de pleine nature<\/li><li>Partager des r\u00e8gles, des r\u00f4les, des responsabilit\u00e9s pour acqu\u00e9rir des comp\u00e9tences disciplinaires<\/li><\/ul>\n\n\n\n<figure class=\"wp-block-image is-resized\"><img loading=\"lazy\" src=\"http:\/\/alligatorslanderneau.com\/wp-content\/uploads\/2019\/05\/2-\u00e9toiles-pont-habit\u00e9-1024x768.jpg\" alt=\"\" class=\"wp-image-325\" width=\"655\" height=\"491\" srcset=\"https:\/\/alligatorslanderneau.com\/wp-content\/uploads\/2019\/05\/2-\u00e9toiles-pont-habit\u00e9-1024x768.jpg 1024w, https:\/\/alligatorslanderneau.com\/wp-content\/uploads\/2019\/05\/2-\u00e9toiles-pont-habit\u00e9-300x225.jpg 300w, https:\/\/alligatorslanderneau.com\/wp-content\/uploads\/2019\/05\/2-\u00e9toiles-pont-habit\u00e9-768x576.jpg 768w\" sizes=\"(max-width: 655px) 100vw, 655px\" \/><\/figure>\n\n\n\n<p> <\/p>\n\n\n\n<p>Au travers des cycles de s\u00e9ances les \u00e9l\u00e8ves \u00e9volueront dans un environnement inhabituel\u00a0avec comme support un engin instable\u00a0: le cano\u00eb et\/ou le kayak, et devront ainsi maitriser leur \u00e9quilibre en milieu mouvant. Ils apprendront \u00e0 embarquer et d\u00e9barquer\u00a0; \u00e0 faire \u00e9voluer leur embarcation en g\u00e9rant leur stabilit\u00e9. Ils cultiveront le go\u00fbt de l\u2019effort, la maitrise de leurs r\u00e9actions \u00e9motionnelles et leurs connaissances du milieu qui les entoures. L\u2019entraide et la coop\u00e9ration dans la mise en \u0153uvre et le rangement de l\u2019activit\u00e9 font partie int\u00e9grante de notre p\u00e9dagogie.<\/p>\n\n\n\n<p>Le respecter des autres dans la vie de groupe et les consignes du cadre leur permettra de prendre des responsabilit\u00e9s, de savoir r\u00e9agir s\u2019ils tombent dans l\u2019eau.<\/p>\n\n\n\n<figure class=\"wp-block-image size-large is-resized\"><img loading=\"lazy\" src=\"http:\/\/alligatorslanderneau.com\/wp-content\/uploads\/2022\/05\/3-1024x768.jpg\" alt=\"\" class=\"wp-image-1236\" width=\"664\" height=\"498\" srcset=\"https:\/\/alligatorslanderneau.com\/wp-content\/uploads\/2022\/05\/3-1024x768.jpg 1024w, https:\/\/alligatorslanderneau.com\/wp-content\/uploads\/2022\/05\/3-300x225.jpg 300w, https:\/\/alligatorslanderneau.com\/wp-content\/uploads\/2022\/05\/3-768x576.jpg 768w, https:\/\/alligatorslanderneau.com\/wp-content\/uploads\/2022\/05\/3-1536x1152.jpg 1536w, https:\/\/alligatorslanderneau.com\/wp-content\/uploads\/2022\/05\/3-2048x1536.jpg 2048w, https:\/\/alligatorslanderneau.com\/wp-content\/uploads\/2022\/05\/3-750x563.jpg 750w, https:\/\/alligatorslanderneau.com\/wp-content\/uploads\/2022\/05\/3-400x300.jpg 400w, https:\/\/alligatorslanderneau.com\/wp-content\/uploads\/2022\/05\/3-430x323.jpg 430w, https:\/\/alligatorslanderneau.com\/wp-content\/uploads\/2022\/05\/3-150x113.jpg 150w, https:\/\/alligatorslanderneau.com\/wp-content\/uploads\/2022\/05\/3-100x75.jpg 100w\" sizes=\"(max-width: 664px) 100vw, 664px\" \/><\/figure>\n\n\n\n<p>Les professionnels diplom\u00e9s du club assurent l\u2019enseignement et la s\u00e9curit\u00e9 du groupe, en \u00e9troite discussion avec l\u2019enseignant. Les \u00e9ducateurs animent les s\u00e9ances dans l\u2019objectif principale du relationnel, du plaisir et de l\u2019apprentissage de l\u2019activit\u00e9.<\/p>\n\n\n\n<p>De la maternelle au coll\u00e8ge, les scolaires peuvent compter sur la communaut\u00e9 d&rsquo;agglom\u00e9ration pour les accompagner dans la d\u00e9couverte du nautisme. La CAPLD prend \u00e0 sa charge la totalit\u00e9 des frais de transport et la majeure partie des frais li\u00e9s aux activit\u00e9s, en fonction du public.<\/p>\n","protected":false},"excerpt":{"rendered":"<p>A travers les supports nautiques du cano\u00eb kayak, nous saurons adapter notre contenu pour r\u00e9pondre \u00e0 la demande de votre \u00e9tablissement ainsi qu\u2019aux consignes de l\u2019\u00e9ducation nationale. Le projet p\u00e9dagogique [&hellip;]<\/p>\n","protected":false},"author":1,"featured_media":0,"parent":140,"menu_order":0,"comment_status":"closed","ping_status":"closed","template":"","meta":[],"_links":{"self":[{"href":"https:\/\/alligatorslanderneau.com\/index.php\/wp-json\/wp\/v2\/pages\/142"}],"collection":[{"href":"https:\/\/alligatorslanderneau.com\/index.php\/wp-json\/wp\/v2\/pages"}],"about":[{"href":"https:\/\/alligatorslanderneau.com\/index.php\/wp-json\/wp\/v2\/types\/page"}],"author":[{"embeddable":true,"href":"https:\/\/alligatorslanderneau.com\/index.php\/wp-json\/wp\/v2\/users\/1"}],"replies":[{"embeddable":true,"href":"https:\/\/alligatorslanderneau.com\/index.php\/wp-json\/wp\/v2\/comments?post=142"}],"version-history":[{"count":5,"href":"https:\/\/alligatorslanderneau.com\/index.php\/wp-json\/wp\/v2\/pages\/142\/revisions"}],"predecessor-version":[{"id":1237,"href":"https:\/\/alligatorslanderneau.com\/index.php\/wp-json\/wp\/v2\/pages\/142\/revisions\/1237"}],"up":[{"embeddable":true,"href":"https:\/\/alligatorslanderneau.com\/index.php\/wp-json\/wp\/v2\/pages\/140"}],"wp:attachment":[{"href":"https:\/\/alligatorslanderneau.com\/index.php\/wp-json\/wp\/v2\/media?parent=142"}],"curies":[{"name":"wp","href":"https:\/\/api.w.org\/{rel}","templated":true}]}}