{"id":46,"date":"2019-02-25T18:02:29","date_gmt":"2019-02-25T17:02:29","guid":{"rendered":"http:\/\/alligatorslanderneau.com\/?page_id=46"},"modified":"2022-09-06T09:04:40","modified_gmt":"2022-09-06T07:04:40","slug":"la-section-ecole-de-sport","status":"publish","type":"page","link":"https:\/\/alligatorslanderneau.com\/index.php\/les-sections\/la-section-ecole-de-sport\/","title":{"rendered":"La Section Ecole de Sport"},"content":{"rendered":"\n<p>La section Ecole de Sport est destin\u00e9e \u00e0 ceux qui souhaitent pratiquer le cano\u00eb kayak en comp\u00e9tition.<br>Pour les plus jeunes, les s\u00e9ances ont lieu les mercredi de 16h00 \u00e0 18h00 et les samedi de 9h30 \u00e0 12h. <br>Pour les plus grands un programme d&rsquo;entra\u00eenement plus adapt\u00e9 peut \u00eatre mis en place. <br>Des stages sont \u00e9galement organis\u00e9s pendant les vacances.<\/p>\n\n\n\n<figure class=\"wp-block-image\"><img loading=\"lazy\" width=\"1024\" height=\"683\" src=\"http:\/\/alligatorslanderneau.com\/wp-content\/uploads\/2019\/05\/Valentin-BRINDEAU-1-1024x683.jpg\" alt=\"\" class=\"wp-image-575\"\/><\/figure>\n","protected":false},"excerpt":{"rendered":"<p>La section Ecole de Sport est destin\u00e9e \u00e0 ceux qui souhaitent pratiquer le cano\u00eb kayak en comp\u00e9tition.Pour les plus jeunes, les s\u00e9ances ont lieu les mercredi de 16h00 \u00e0 18h00 [&hellip;]<\/p>\n","protected":false},"author":1,"featured_media":0,"parent":81,"menu_order":2,"comment_status":"closed","ping_status":"closed","template":"","meta":[],"_links":{"self":[{"href":"https:\/\/alligatorslanderneau.com\/index.php\/wp-json\/wp\/v2\/pages\/46"}],"collection":[{"href":"https:\/\/alligatorslanderneau.com\/index.php\/wp-json\/wp\/v2\/pages"}],"about":[{"href":"https:\/\/alligatorslanderneau.com\/index.php\/wp-json\/wp\/v2\/types\/page"}],"author":[{"embeddable":true,"href":"https:\/\/alligatorslanderneau.com\/index.php\/wp-json\/wp\/v2\/users\/1"}],"replies":[{"embeddable":true,"href":"https:\/\/alligatorslanderneau.com\/index.php\/wp-json\/wp\/v2\/comments?post=46"}],"version-history":[{"count":4,"href":"https:\/\/alligatorslanderneau.com\/index.php\/wp-json\/wp\/v2\/pages\/46\/revisions"}],"predecessor-version":[{"id":1273,"href":"https:\/\/alligatorslanderneau.com\/index.php\/wp-json\/wp\/v2\/pages\/46\/revisions\/1273"}],"up":[{"embeddable":true,"href":"https:\/\/alligatorslanderneau.com\/index.php\/wp-json\/wp\/v2\/pages\/81"}],"wp:attachment":[{"href":"https:\/\/alligatorslanderneau.com\/index.php\/wp-json\/wp\/v2\/media?parent=46"}],"curies":[{"name":"wp","href":"https:\/\/api.w.org\/{rel}","templated":true}]}}