{"id":53,"date":"2019-02-26T08:19:46","date_gmt":"2019-02-26T07:19:46","guid":{"rendered":"http:\/\/alligatorslanderneau.com\/?page_id=53"},"modified":"2019-05-19T09:11:53","modified_gmt":"2019-05-19T07:11:53","slug":"la-section-ados","status":"publish","type":"page","link":"https:\/\/alligatorslanderneau.com\/index.php\/les-sections\/la-section-ados\/","title":{"rendered":"La section Ados"},"content":{"rendered":"\n<p>La section Ados s&rsquo;adresse aux kayakistes de plus de 14 ans .<br>Les s\u00e9ances ont lieu les samedi apr\u00e8s-midi, sur l&rsquo;\u00e9lorn ou en mer en fonction des conditions m\u00e9t\u00e9orologiques .<\/p>\n\n\n\n<figure class=\"wp-block-image\"><img loading=\"lazy\" width=\"1024\" height=\"768\" src=\"http:\/\/alligatorslanderneau.com\/wp-content\/uploads\/2019\/05\/section-ados-1-1024x768.jpg\" alt=\"\" class=\"wp-image-572\" srcset=\"https:\/\/alligatorslanderneau.com\/wp-content\/uploads\/2019\/05\/section-ados-1-1024x768.jpg 1024w, https:\/\/alligatorslanderneau.com\/wp-content\/uploads\/2019\/05\/section-ados-1-300x225.jpg 300w, https:\/\/alligatorslanderneau.com\/wp-content\/uploads\/2019\/05\/section-ados-1-768x576.jpg 768w\" sizes=\"(max-width: 1024px) 100vw, 1024px\" \/><\/figure>\n","protected":false},"excerpt":{"rendered":"<p>La section Ados s&rsquo;adresse aux kayakistes de plus de 14 ans .Les s\u00e9ances ont lieu les samedi apr\u00e8s-midi, sur l&rsquo;\u00e9lorn ou en mer en fonction des conditions m\u00e9t\u00e9orologiques .<\/p>\n","protected":false},"author":1,"featured_media":0,"parent":81,"menu_order":3,"comment_status":"closed","ping_status":"closed","template":"","meta":[],"_links":{"self":[{"href":"https:\/\/alligatorslanderneau.com\/index.php\/wp-json\/wp\/v2\/pages\/53"}],"collection":[{"href":"https:\/\/alligatorslanderneau.com\/index.php\/wp-json\/wp\/v2\/pages"}],"about":[{"href":"https:\/\/alligatorslanderneau.com\/index.php\/wp-json\/wp\/v2\/types\/page"}],"author":[{"embeddable":true,"href":"https:\/\/alligatorslanderneau.com\/index.php\/wp-json\/wp\/v2\/users\/1"}],"replies":[{"embeddable":true,"href":"https:\/\/alligatorslanderneau.com\/index.php\/wp-json\/wp\/v2\/comments?post=53"}],"version-history":[{"count":2,"href":"https:\/\/alligatorslanderneau.com\/index.php\/wp-json\/wp\/v2\/pages\/53\/revisions"}],"predecessor-version":[{"id":613,"href":"https:\/\/alligatorslanderneau.com\/index.php\/wp-json\/wp\/v2\/pages\/53\/revisions\/613"}],"up":[{"embeddable":true,"href":"https:\/\/alligatorslanderneau.com\/index.php\/wp-json\/wp\/v2\/pages\/81"}],"wp:attachment":[{"href":"https:\/\/alligatorslanderneau.com\/index.php\/wp-json\/wp\/v2\/media?parent=53"}],"curies":[{"name":"wp","href":"https:\/\/api.w.org\/{rel}","templated":true}]}}