{"id":56,"date":"2019-02-26T08:22:09","date_gmt":"2019-02-26T07:22:09","guid":{"rendered":"http:\/\/alligatorslanderneau.com\/?page_id=56"},"modified":"2019-05-19T09:12:44","modified_gmt":"2019-05-19T07:12:44","slug":"les-sections-adulte","status":"publish","type":"page","link":"https:\/\/alligatorslanderneau.com\/index.php\/les-sections\/les-sections-adulte\/","title":{"rendered":"Les sections Adulte"},"content":{"rendered":"\n<p>Pour les adultes souhaitant naviguer, plusieurs cr\u00e9neaux sont possible: <br>&#8211; Le samedi matin pour les d\u00e9butants et les confirm\u00e9s<br>&#8211; Le samedi apr\u00e8s midi pour les confirm\u00e9s.<br>Au Printemps, des s\u00e9ances suppl\u00e9mentaires peuvent \u00eatre propos\u00e9s en fonction de la m\u00e9t\u00e9o.<\/p>\n\n\n\n<figure class=\"wp-block-image\"><img loading=\"lazy\" width=\"1024\" height=\"768\" src=\"http:\/\/alligatorslanderneau.com\/wp-content\/uploads\/2019\/05\/IMGP7211-1024x768.jpg\" alt=\"\" class=\"wp-image-504\" srcset=\"https:\/\/alligatorslanderneau.com\/wp-content\/uploads\/2019\/05\/IMGP7211-1024x768.jpg 1024w, https:\/\/alligatorslanderneau.com\/wp-content\/uploads\/2019\/05\/IMGP7211-300x225.jpg 300w, https:\/\/alligatorslanderneau.com\/wp-content\/uploads\/2019\/05\/IMGP7211-768x576.jpg 768w\" sizes=\"(max-width: 1024px) 100vw, 1024px\" \/><\/figure>\n","protected":false},"excerpt":{"rendered":"<p>Pour les adultes souhaitant naviguer, plusieurs cr\u00e9neaux sont possible: &#8211; Le samedi matin pour les d\u00e9butants et les confirm\u00e9s&#8211; Le samedi apr\u00e8s midi pour les confirm\u00e9s.Au Printemps, des s\u00e9ances suppl\u00e9mentaires [&hellip;]<\/p>\n","protected":false},"author":1,"featured_media":0,"parent":81,"menu_order":4,"comment_status":"closed","ping_status":"closed","template":"","meta":[],"_links":{"self":[{"href":"https:\/\/alligatorslanderneau.com\/index.php\/wp-json\/wp\/v2\/pages\/56"}],"collection":[{"href":"https:\/\/alligatorslanderneau.com\/index.php\/wp-json\/wp\/v2\/pages"}],"about":[{"href":"https:\/\/alligatorslanderneau.com\/index.php\/wp-json\/wp\/v2\/types\/page"}],"author":[{"embeddable":true,"href":"https:\/\/alligatorslanderneau.com\/index.php\/wp-json\/wp\/v2\/users\/1"}],"replies":[{"embeddable":true,"href":"https:\/\/alligatorslanderneau.com\/index.php\/wp-json\/wp\/v2\/comments?post=56"}],"version-history":[{"count":2,"href":"https:\/\/alligatorslanderneau.com\/index.php\/wp-json\/wp\/v2\/pages\/56\/revisions"}],"predecessor-version":[{"id":614,"href":"https:\/\/alligatorslanderneau.com\/index.php\/wp-json\/wp\/v2\/pages\/56\/revisions\/614"}],"up":[{"embeddable":true,"href":"https:\/\/alligatorslanderneau.com\/index.php\/wp-json\/wp\/v2\/pages\/81"}],"wp:attachment":[{"href":"https:\/\/alligatorslanderneau.com\/index.php\/wp-json\/wp\/v2\/media?parent=56"}],"curies":[{"name":"wp","href":"https:\/\/api.w.org\/{rel}","templated":true}]}}