{"id":667,"date":"2019-08-26T11:30:12","date_gmt":"2019-08-26T09:30:12","guid":{"rendered":"http:\/\/alligatorslanderneau.com\/?page_id=667"},"modified":"2025-07-03T08:22:01","modified_gmt":"2025-07-03T06:22:01","slug":"saison-2025-2026","status":"publish","type":"page","link":"https:\/\/alligatorslanderneau.com\/index.php\/les-sections\/saison-2025-2026\/","title":{"rendered":"Rentr\u00e9e Saison 2025 2026"},"content":{"rendered":"\n<div class=\"wp-block-group\"><div class=\"wp-block-group__inner-container\">\n<div class=\"wp-block-media-text alignwide is-stacked-on-mobile\"><figure class=\"wp-block-media-text__media\"><img loading=\"lazy\" width=\"1024\" height=\"745\" src=\"http:\/\/alligatorslanderneau.com\/wp-content\/uploads\/2019\/03\/LOGO_CLUB-1024x745.jpg\" alt=\"\" class=\"wp-image-164 size-full\" srcset=\"https:\/\/alligatorslanderneau.com\/wp-content\/uploads\/2019\/03\/LOGO_CLUB-1024x745.jpg 1024w, https:\/\/alligatorslanderneau.com\/wp-content\/uploads\/2019\/03\/LOGO_CLUB-300x218.jpg 300w, https:\/\/alligatorslanderneau.com\/wp-content\/uploads\/2019\/03\/LOGO_CLUB-768x559.jpg 768w, https:\/\/alligatorslanderneau.com\/wp-content\/uploads\/2019\/03\/LOGO_CLUB.jpg 1299w\" sizes=\"(max-width: 1024px) 100vw, 1024px\" \/><\/figure><div class=\"wp-block-media-text__content\">\n<p style=\"font-size:15px\"> La rentr\u00e9e au club des Alligators approche et il est temps de penser \u00e0 vous inscrire pour la rentr\u00e9e ! <br><em>N\u2019attendez pas le dernier moment<\/em>!   <\/p>\n<\/div><\/div>\n<\/div><\/div>\n\n\n\n<p class=\"has-normal-font-size\">Contactez-nous afin d&rsquo;\u00e9changer sur votre pratique et vos attentes,                  Par t\u00e9l\u00e9phone au 02.98.21.48.74 , par mail \u00e0 alligators29800@gmail.com.         Sur place \u00e0 la base nautique Cano\u00eb Kayak La Garenne<\/p>\n\n\n\n<p class=\"has-normal-font-size\">Les inscriptions pour la rentr\u00e9e sont ouvertes d\u00e8s juillet. Nous vous r\u00e9servons des temps d&rsquo;\u00e9changes privil\u00e9gi\u00e9s lors de nos <\/p>\n\n\n\n<p class=\"has-text-align-center\"><strong><strong>PORTES OUVERTES le samedi 6 septembre<\/strong> <strong>202<\/strong>5<br>Base nautique de la Garenne<br>10 H 00 \u00e0 12 H 00 et de 14 H 00 \u00e0 17 H 00<\/strong><\/p>\n\n\n\n<p class=\"has-text-align-center has-vivid-red-color has-text-color\"><strong>CARREFOUR DES ASSOCIATIONS du 6 septembre<\/strong> <strong>2025<\/strong><br>Halle de St Ernel \u00e0 Landerneau<\/p>\n\n\n\n<p class=\"has-text-align-center\"><strong>PORTES OUVERTES le mercredi  10 septembre<\/strong> <strong>2025<\/strong><br>Base nautique de la Garenne<br>13 H 30 \u00e0 17 H 00<\/p>\n\n\n\n<p><\/p>\n\n\n\n<p class=\"has-text-align-center has-vivid-red-color has-text-color has-normal-font-size\"> <strong>PORTES OUVERTES le samedi 13 septembre<\/strong> <strong>2025 <\/strong><br>Base nautique de la Garenne   <br>10 H 00 \u00e0 12 H 00 et de 14 H 00 \u00e0 17 H 00 <\/p>\n\n\n\n<p class=\"has-text-align-center has-vivid-green-cyan-color has-text-color\"><strong>D\u00c9BUT DES ACTIVIT\u00c9S <\/strong>:<\/p>\n\n\n\n<p class=\"has-text-align-center has-vivid-green-cyan-color has-text-color\"><strong>MERCREDI 17 SEPTEMBRE ET SAMEDI 20 SEPTEMBRE<\/strong> <strong>2025<\/strong><\/p>\n\n\n\n<div class=\"wp-block-image\"><figure class=\"aligncenter size-large\"><img loading=\"lazy\" width=\"275\" height=\"183\" src=\"https:\/\/alligatorslanderneau.com\/wp-content\/uploads\/2020\/07\/index.png\" alt=\"\" class=\"wp-image-1093\" srcset=\"https:\/\/alligatorslanderneau.com\/wp-content\/uploads\/2020\/07\/index.png 275w, https:\/\/alligatorslanderneau.com\/wp-content\/uploads\/2020\/07\/index-150x100.png 150w, https:\/\/alligatorslanderneau.com\/wp-content\/uploads\/2020\/07\/index-100x67.png 100w\" sizes=\"(max-width: 275px) 100vw, 275px\" \/><\/figure><\/div>\n\n\n\n<p class=\"has-text-align-center\"><strong>Voici les modalit\u00e9s pour les&nbsp;inscriptions au club des Alligators pour la saison 2025 \/ 2026 :<\/strong><\/p>\n\n\n\n<p><\/p>\n\n\n\n<p><\/p>\n\n\n\n<h4 class=\"has-text-align-center has-vivid-cyan-blue-color has-text-color\">FICHE D&rsquo;INSCRIPTION ET CERTIFICAT M\u00c9DICAL<\/h4>\n\n\n\n<p><\/p>\n\n\n\n<p>Pour une premi\u00e8re inscription \u00e0 notre association ou un renouvellement, vous devez renseigner  <strong><a href=\"http:\/\/alligatorslanderneau.com\/wp-content\/uploads\/2025\/06\/1-Fiche-inscription-saison-2025-2026-Formulaire.pdf\">La Fiche d&rsquo;inscription<\/a> <\/strong> et nous fournir un <strong><a rel=\"noreferrer noopener\" href=\"http:\/\/alligatorslanderneau.com\/wp-content\/uploads\/2025\/05\/2certificat-medical-type.pdf\" data-type=\"URL\" target=\"_blank\">Certificat M\u00e9dical<\/a><a rel=\"noreferrer noopener\" href=\"http:\/\/alligatorslanderneau.com\/wp-content\/uploads\/2023\/06\/2certificat-medical-type-2023-2024.pdf\" data-type=\"URL\" data-id=\"http:\/\/alligatorslanderneau.com\/wp-content\/uploads\/2023\/06\/2certificat-medical-type-2023-2024.pdf\" target=\"_blank\"> <\/a><\/strong>*.<\/p>\n\n\n\n<p><strong>Pour les pratiquants majeurs<\/strong>&nbsp;; l\u2019obtention de la premi\u00e8re licence reste subordonn\u00e9e \u00e0 la pr\u00e9sentation d\u2019un certificat m\u00e9dical de moins d\u2019un an. Un nouveau certificat m\u00e9dical est ensuite \u00e0 pr\u00e9senter lors du renouvellement de la licence, tous les 3 ans. Dans l\u2019intervalle de ces 3 ans, un<strong> <a href=\"http:\/\/alligatorslanderneau.com\/wp-content\/uploads\/2025\/05\/3Questionnaire-sante\u0301-sport-FFCK.pdf\" data-type=\"URL\" target=\"_blank\" rel=\"noreferrer noopener\">questionnaire de sant\u00e9<\/a> <\/strong>doit \u00eatre rempli  par le pratiquant (et s\u2019il contient une r\u00e9ponse \u00ab&nbsp;oui&nbsp;\u00bb, alors un certificat m\u00e9dical est \u00e9galement n\u00e9cessaire).    <br><strong>Pour les pratiquant mineurs<\/strong>&nbsp;; l\u2019obligation de fournir un certificat m\u00e9dical, que ce soit pour une obtention de premi\u00e8re licence ou un renouvellement, pour une pratique en comp\u00e9tition ou en loisir, est supprim\u00e9e. D\u00e9sormais, pour les pratiquants mineurs, la pr\u00e9sentation du <strong><a href=\"http:\/\/alligatorslanderneau.com\/wp-content\/uploads\/2025\/05\/3Questionnaire-sante\u0301-sport-FFCK.pdf\" data-type=\"URL\" target=\"_blank\" rel=\"noreferrer noopener\">questionnaire de sant\u00e9<\/a><\/strong> suffira (et s\u2019il contient une r\u00e9ponse \u00ab&nbsp;oui&nbsp;\u00bb, alors un certificat m\u00e9dical est \u00e9galement n\u00e9cessaire).<\/p>\n\n\n\n<p><br>Dans le cadre de nos activit\u00e9s le club des Alligators est amen\u00e9 \u00e0 se d\u00e9placer lors de week ends et s\u00e9jours. Pour les <strong>Mineurs<\/strong> au moment de l&rsquo;inscription, merci de compl\u00e9ter <strong><a href=\"http:\/\/alligatorslanderneau.com\/wp-content\/uploads\/2025\/05\/4-Fiche-sanitaire-liaison-cerfa.pdf\" data-type=\"URL\" target=\"_blank\" rel=\"noreferrer noopener\">La Fiche Sanitaire<\/a><\/strong>. <\/p>\n\n\n\n<p class=\"has-small-font-size\">*exemple de certificat m\u00e9dical<\/p>\n\n\n\n<div class=\"wp-block-image\"><figure class=\"aligncenter size-large is-resized\"><img loading=\"lazy\" src=\"http:\/\/alligatorslanderneau.com\/wp-content\/uploads\/2023\/06\/Logo2022-CD29-Horiz-quadri-1024x435.png\" alt=\"\" class=\"wp-image-1333\" width=\"306\" height=\"129\" srcset=\"https:\/\/alligatorslanderneau.com\/wp-content\/uploads\/2023\/06\/Logo2022-CD29-Horiz-quadri-1024x435.png 1024w, https:\/\/alligatorslanderneau.com\/wp-content\/uploads\/2023\/06\/Logo2022-CD29-Horiz-quadri-300x127.png 300w, https:\/\/alligatorslanderneau.com\/wp-content\/uploads\/2023\/06\/Logo2022-CD29-Horiz-quadri-768x326.png 768w, https:\/\/alligatorslanderneau.com\/wp-content\/uploads\/2023\/06\/Logo2022-CD29-Horiz-quadri-750x318.png 750w, https:\/\/alligatorslanderneau.com\/wp-content\/uploads\/2023\/06\/Logo2022-CD29-Horiz-quadri-400x170.png 400w, https:\/\/alligatorslanderneau.com\/wp-content\/uploads\/2023\/06\/Logo2022-CD29-Horiz-quadri-430x183.png 430w, https:\/\/alligatorslanderneau.com\/wp-content\/uploads\/2023\/06\/Logo2022-CD29-Horiz-quadri-150x64.png 150w, https:\/\/alligatorslanderneau.com\/wp-content\/uploads\/2023\/06\/Logo2022-CD29-Horiz-quadri-100x42.png 100w, https:\/\/alligatorslanderneau.com\/wp-content\/uploads\/2023\/06\/Logo2022-CD29-Horiz-quadri.png 1451w\" sizes=\"(max-width: 306px) 100vw, 306px\" \/><\/figure><\/div>\n\n\n\n<h4 class=\"has-text-align-center has-vivid-cyan-blue-color has-text-color\">CH\u00c8QUE SPORT CULTURE VILLE DE LANDERNEAU<\/h4>\n\n\n\n<div class=\"wp-block-media-text alignwide has-media-on-the-right is-stacked-on-mobile\" style=\"grid-template-columns:auto 15%\"><figure class=\"wp-block-media-text__media\"><img loading=\"lazy\" width=\"176\" height=\"120\" src=\"http:\/\/alligatorslanderneau.com\/wp-content\/uploads\/2019\/03\/Capture-d\u2019\u00e9cran-2018-12-14-\u00e0-10.02.41-e1551512267577.png\" alt=\"\" class=\"wp-image-172 size-full\"\/><\/figure><div class=\"wp-block-media-text__content\">\n<p style=\"font-size:15px\"> La municipalit\u00e9 de Landerneau reconduit pour la saison 2023-2024 et pour  ses habitants le dispositif \u00ab\u00a0ch\u00e8que sport culture\u00a0\u00bb. Pour les moins de  15 ans Landern\u00e9ens (n\u00e9s en 2008 et apr\u00e8s) , vous b\u00e9n\u00e9ficiez d&rsquo;une  r\u00e9duction de 15 euros sur la cotisation, dans la limite d&rsquo;un ch\u00e8que par  enfant \/ an. <br>Plus d&rsquo;information <strong><a rel=\"noreferrer noopener\" href=\"http:\/\/alligatorslanderneau.com\/wp-content\/uploads\/2025\/05\/Info-cheque-sport-2025-2026.pdf\" data-type=\"URL\" target=\"_blank\">ICI<\/a><\/strong>. <br><strong><a href=\"http:\/\/alligatorslanderneau.com\/wp-content\/uploads\/2025\/05\/5-Cheque-sport-culture-Attestation-sur-lhonneur-2025-2026.pdf\" data-type=\"URL\" target=\"_blank\" rel=\"noreferrer noopener\">Attestation ch\u00e8que sport culture<\/a><\/strong> <\/p>\n<\/div><\/div>\n\n\n\n<h4 class=\"has-text-align-center has-vivid-cyan-blue-color has-text-color\">ASSURANCE F\u00c9D\u00c9RALE &amp; ASSURANCE OPTIONNELLE <\/h4>\n\n\n\n<p>Lors du renseignement de la fiche d&rsquo;inscription, vous avez la possibilit\u00e9 de souscrire \u00e0 une option compl\u00e9mentaire, I. A. Sport+, qui se substituera \u00e0 la garantie de base de la licence. <br><strong><a href=\"http:\/\/alligatorslanderneau.com\/wp-content\/uploads\/2025\/05\/6-Notice-individuelle_FFCK_2025-Licence-permanente.pdf\" data-type=\"URL\" target=\"_blank\" rel=\"noreferrer noopener\">INFORMATION ASSURANCE MAIF<\/a><\/strong><br> <\/p>\n\n\n\n<p><strong><a href=\"http:\/\/alligatorslanderneau.com\/wp-content\/uploads\/2025\/06\/pass-sport-25_26.pdf\" data-type=\"URL\">INFORMATION PASS&rsquo;SPORT<\/a><\/strong>  <\/p>\n\n\n\n<p>Le pass sport est renouvel\u00e9 sur la saison 2025\/2026, il \u00e9volue puisqu&rsquo;il sera ouvert :&nbsp;<\/p>\n\n\n\n<p>&#8211;&nbsp; Aux&nbsp;jeunes&nbsp;de&nbsp;14&nbsp;\u00e0&nbsp;17&nbsp;ans&nbsp;r\u00e9volus&nbsp;b\u00e9n\u00e9ficiant&nbsp;de&nbsp;l\u2019allocation&nbsp;de&nbsp;rentr\u00e9e&nbsp;scolaire<br>&#8211; Aux&nbsp;jeunes&nbsp;en&nbsp;situation&nbsp;de&nbsp;handicap&nbsp;jusqu\u2019\u00e0&nbsp;30&nbsp;ans&nbsp;(6&nbsp;\u00e0&nbsp;19&nbsp;ans&nbsp;AEEH,&nbsp;16&nbsp;\u00e0&nbsp;30&nbsp;ans<br>AAH)&nbsp;;<br>&#8211;&nbsp; Aux&nbsp;\u00e9tudiants&nbsp;boursiers&nbsp;et&nbsp;b\u00e9n\u00e9ficiaires&nbsp;d\u2019une&nbsp;aide&nbsp;annuelle&nbsp;du&nbsp;CROUS&nbsp;de &#8211; de 28 ans&nbsp;En PJ le communiqu\u00e9 de presse du minist\u00e8re des sports .&nbsp;<\/p>\n\n\n\n<p>A bient\u00f4t au club !<\/p>\n\n\n\n<figure class=\"wp-block-image\"><img loading=\"lazy\" width=\"1024\" height=\"768\" src=\"http:\/\/alligatorslanderneau.com\/wp-content\/uploads\/2019\/02\/1-1024x768.jpg\" alt=\"\" class=\"wp-image-8\" srcset=\"https:\/\/alligatorslanderneau.com\/wp-content\/uploads\/2019\/02\/1-1024x768.jpg 1024w, https:\/\/alligatorslanderneau.com\/wp-content\/uploads\/2019\/02\/1-300x225.jpg 300w, https:\/\/alligatorslanderneau.com\/wp-content\/uploads\/2019\/02\/1-768x576.jpg 768w\" sizes=\"(max-width: 1024px) 100vw, 1024px\" \/><\/figure>\n\n\n\n<p><\/p>\n","protected":false},"excerpt":{"rendered":"<p>Contactez-nous afin d&rsquo;\u00e9changer sur votre pratique et vos attentes, Par t\u00e9l\u00e9phone au 02.98.21.48.74 , par mail \u00e0 alligators29800@gmail.com. Sur place \u00e0 la base nautique Cano\u00eb Kayak La Garenne Les inscriptions [&hellip;]<\/p>\n","protected":false},"author":1,"featured_media":9,"parent":81,"menu_order":0,"comment_status":"closed","ping_status":"closed","template":"","meta":[],"_links":{"self":[{"href":"https:\/\/alligatorslanderneau.com\/index.php\/wp-json\/wp\/v2\/pages\/667"}],"collection":[{"href":"https:\/\/alligatorslanderneau.com\/index.php\/wp-json\/wp\/v2\/pages"}],"about":[{"href":"https:\/\/alligatorslanderneau.com\/index.php\/wp-json\/wp\/v2\/types\/page"}],"author":[{"embeddable":true,"href":"https:\/\/alligatorslanderneau.com\/index.php\/wp-json\/wp\/v2\/users\/1"}],"replies":[{"embeddable":true,"href":"https:\/\/alligatorslanderneau.com\/index.php\/wp-json\/wp\/v2\/comments?post=667"}],"version-history":[{"count":100,"href":"https:\/\/alligatorslanderneau.com\/index.php\/wp-json\/wp\/v2\/pages\/667\/revisions"}],"predecessor-version":[{"id":1484,"href":"https:\/\/alligatorslanderneau.com\/index.php\/wp-json\/wp\/v2\/pages\/667\/revisions\/1484"}],"up":[{"embeddable":true,"href":"https:\/\/alligatorslanderneau.com\/index.php\/wp-json\/wp\/v2\/pages\/81"}],"wp:featuredmedia":[{"embeddable":true,"href":"https:\/\/alligatorslanderneau.com\/index.php\/wp-json\/wp\/v2\/media\/9"}],"wp:attachment":[{"href":"https:\/\/alligatorslanderneau.com\/index.php\/wp-json\/wp\/v2\/media?parent=667"}],"curies":[{"name":"wp","href":"https:\/\/api.w.org\/{rel}","templated":true}]}}