{"id":81,"date":"2019-02-26T21:41:31","date_gmt":"2019-02-26T20:41:31","guid":{"rendered":"http:\/\/alligatorslanderneau.com\/?page_id=81"},"modified":"2025-05-21T12:19:39","modified_gmt":"2025-05-21T10:19:39","slug":"les-sections","status":"publish","type":"page","link":"https:\/\/alligatorslanderneau.com\/index.php\/les-sections\/","title":{"rendered":"La vie du club"},"content":{"rendered":"\n<p>Le club propose \u00e0 ses membres de pagayer tout au long de l&rsquo;ann\u00e9e, en rivi\u00e8re ou en mer en fonction des p\u00e9riodes et de la m\u00e9t\u00e9o. <\/p>\n\n\n\n<p><\/p>\n\n\n\n<p>Vous trouverez <strong><a href=\"https:\/\/alligatorslanderneau.com\/index.php\/les-sections\/saison-2025-2026\/\" data-type=\"URL\">ICI<\/a><\/strong> les informations pour la saison 2025\/2026 ainsi que les dates de nos Portes Ouvertes!<\/p>\n\n\n\n<p><\/p>\n\n\n\n<p>Il existe les sections <a href=\"http:\/\/alligatorslanderneau.com\/index.php\/les-sections\/la-section-ecole-de-pagaie\/\">Ecole de pagaie<\/a>, \u00e0 destination des plus jeunes, <a href=\"http:\/\/alligatorslanderneau.com\/index.php\/les-sections\/la-section-ados\/\">les sections ados<\/a>, <a href=\"http:\/\/alligatorslanderneau.com\/index.php\/les-sections\/les-sections-adulte\/\">les sections adultes<\/a> ainsi que la section <a href=\"http:\/\/alligatorslanderneau.com\/index.php\/les-sections\/la-section-ecole-de-sport\/\">Ecole de sport<\/a>, pour ceux qui voudraient pratiquer le cano\u00eb ou le kayak en comp\u00e9tition. <br>Le club propose \u00e9galement pour ses membres un apprentissage de l&rsquo;esquimautage en piscine le jeudi soir durant l&rsquo;ann\u00e9e scolaire.<\/p>\n\n\n\n<p>Vous pourrez trouver ici les derni\u00e8res nouvelles des adh\u00e9rents du club. <\/p>\n\n\n\n<figure class=\"wp-block-gallery columns-2 is-cropped\"><ul class=\"blocks-gallery-grid\"><li class=\"blocks-gallery-item\"><figure><img loading=\"lazy\" width=\"1024\" height=\"768\" src=\"http:\/\/alligatorslanderneau.com\/wp-content\/uploads\/2019\/05\/kayak-1-1024x768.jpg\" alt=\"\" data-id=\"525\" data-full-url=\"http:\/\/alligatorslanderneau.com\/wp-content\/uploads\/2019\/05\/kayak-1.jpg\" data-link=\"http:\/\/alligatorslanderneau.com\/kayak-1\/\" class=\"wp-image-525\" srcset=\"https:\/\/alligatorslanderneau.com\/wp-content\/uploads\/2019\/05\/kayak-1-1024x768.jpg 1024w, https:\/\/alligatorslanderneau.com\/wp-content\/uploads\/2019\/05\/kayak-1-300x225.jpg 300w, https:\/\/alligatorslanderneau.com\/wp-content\/uploads\/2019\/05\/kayak-1-768x576.jpg 768w\" sizes=\"(max-width: 1024px) 100vw, 1024px\" \/><\/figure><\/li><li class=\"blocks-gallery-item\"><figure><img loading=\"lazy\" width=\"1024\" height=\"505\" src=\"http:\/\/alligatorslanderneau.com\/wp-content\/uploads\/2020\/06\/pont-de-liroise-1024x505.jpg\" alt=\"\" data-id=\"1015\" data-full-url=\"http:\/\/alligatorslanderneau.com\/wp-content\/uploads\/2020\/06\/pont-de-liroise-scaled.jpg\" data-link=\"http:\/\/alligatorslanderneau.com\/index.php\/lanimation-vers-le-public-exterieur\/lanimation-dete\/pont-de-liroise\/\" class=\"wp-image-1015\" srcset=\"https:\/\/alligatorslanderneau.com\/wp-content\/uploads\/2020\/06\/pont-de-liroise-1024x505.jpg 1024w, https:\/\/alligatorslanderneau.com\/wp-content\/uploads\/2020\/06\/pont-de-liroise-300x148.jpg 300w, https:\/\/alligatorslanderneau.com\/wp-content\/uploads\/2020\/06\/pont-de-liroise-768x379.jpg 768w, https:\/\/alligatorslanderneau.com\/wp-content\/uploads\/2020\/06\/pont-de-liroise-1536x757.jpg 1536w, https:\/\/alligatorslanderneau.com\/wp-content\/uploads\/2020\/06\/pont-de-liroise-2048x1010.jpg 2048w, https:\/\/alligatorslanderneau.com\/wp-content\/uploads\/2020\/06\/pont-de-liroise-750x370.jpg 750w, https:\/\/alligatorslanderneau.com\/wp-content\/uploads\/2020\/06\/pont-de-liroise-400x197.jpg 400w, https:\/\/alligatorslanderneau.com\/wp-content\/uploads\/2020\/06\/pont-de-liroise-430x212.jpg 430w, https:\/\/alligatorslanderneau.com\/wp-content\/uploads\/2020\/06\/pont-de-liroise-150x74.jpg 150w, https:\/\/alligatorslanderneau.com\/wp-content\/uploads\/2020\/06\/pont-de-liroise-100x49.jpg 100w\" sizes=\"(max-width: 1024px) 100vw, 1024px\" \/><\/figure><\/li><li class=\"blocks-gallery-item\"><figure><img loading=\"lazy\" width=\"1024\" height=\"576\" src=\"http:\/\/alligatorslanderneau.com\/wp-content\/uploads\/2020\/03\/cropped-10-scaled-1-1024x576.jpg\" alt=\"\" data-id=\"857\" data-full-url=\"http:\/\/alligatorslanderneau.com\/wp-content\/uploads\/2020\/03\/cropped-10-scaled-1.jpg\" data-link=\"http:\/\/alligatorslanderneau.com\/cropped-10-scaled-1-jpg\/\" class=\"wp-image-857\" srcset=\"https:\/\/alligatorslanderneau.com\/wp-content\/uploads\/2020\/03\/cropped-10-scaled-1-1024x576.jpg 1024w, https:\/\/alligatorslanderneau.com\/wp-content\/uploads\/2020\/03\/cropped-10-scaled-1-300x169.jpg 300w, https:\/\/alligatorslanderneau.com\/wp-content\/uploads\/2020\/03\/cropped-10-scaled-1-768x432.jpg 768w, https:\/\/alligatorslanderneau.com\/wp-content\/uploads\/2020\/03\/cropped-10-scaled-1-1536x864.jpg 1536w, https:\/\/alligatorslanderneau.com\/wp-content\/uploads\/2020\/03\/cropped-10-scaled-1-750x422.jpg 750w, https:\/\/alligatorslanderneau.com\/wp-content\/uploads\/2020\/03\/cropped-10-scaled-1-400x225.jpg 400w, https:\/\/alligatorslanderneau.com\/wp-content\/uploads\/2020\/03\/cropped-10-scaled-1-430x242.jpg 430w, https:\/\/alligatorslanderneau.com\/wp-content\/uploads\/2020\/03\/cropped-10-scaled-1-150x84.jpg 150w, https:\/\/alligatorslanderneau.com\/wp-content\/uploads\/2020\/03\/cropped-10-scaled-1-100x56.jpg 100w, https:\/\/alligatorslanderneau.com\/wp-content\/uploads\/2020\/03\/cropped-10-scaled-1.jpg 1920w\" sizes=\"(max-width: 1024px) 100vw, 1024px\" \/><\/figure><\/li><li class=\"blocks-gallery-item\"><figure><img loading=\"lazy\" width=\"1024\" height=\"768\" src=\"http:\/\/alligatorslanderneau.com\/wp-content\/uploads\/2019\/05\/section-ados-1-1024x768.jpg\" alt=\"\" data-id=\"572\" data-full-url=\"http:\/\/alligatorslanderneau.com\/wp-content\/uploads\/2019\/05\/section-ados-1.jpg\" data-link=\"http:\/\/alligatorslanderneau.com\/section-ados-1\/\" class=\"wp-image-572\" srcset=\"https:\/\/alligatorslanderneau.com\/wp-content\/uploads\/2019\/05\/section-ados-1-1024x768.jpg 1024w, https:\/\/alligatorslanderneau.com\/wp-content\/uploads\/2019\/05\/section-ados-1-300x225.jpg 300w, https:\/\/alligatorslanderneau.com\/wp-content\/uploads\/2019\/05\/section-ados-1-768x576.jpg 768w\" sizes=\"(max-width: 1024px) 100vw, 1024px\" \/><\/figure><\/li><\/ul><\/figure>\n","protected":false},"excerpt":{"rendered":"<p>Le club propose \u00e0 ses membres de pagayer tout au long de l&rsquo;ann\u00e9e, en rivi\u00e8re ou en mer en fonction des p\u00e9riodes et de la m\u00e9t\u00e9o. Vous trouverez ICI les [&hellip;]<\/p>\n","protected":false},"author":1,"featured_media":0,"parent":0,"menu_order":0,"comment_status":"closed","ping_status":"closed","template":"","meta":[],"_links":{"self":[{"href":"https:\/\/alligatorslanderneau.com\/index.php\/wp-json\/wp\/v2\/pages\/81"}],"collection":[{"href":"https:\/\/alligatorslanderneau.com\/index.php\/wp-json\/wp\/v2\/pages"}],"about":[{"href":"https:\/\/alligatorslanderneau.com\/index.php\/wp-json\/wp\/v2\/types\/page"}],"author":[{"embeddable":true,"href":"https:\/\/alligatorslanderneau.com\/index.php\/wp-json\/wp\/v2\/users\/1"}],"replies":[{"embeddable":true,"href":"https:\/\/alligatorslanderneau.com\/index.php\/wp-json\/wp\/v2\/comments?post=81"}],"version-history":[{"count":20,"href":"https:\/\/alligatorslanderneau.com\/index.php\/wp-json\/wp\/v2\/pages\/81\/revisions"}],"predecessor-version":[{"id":1441,"href":"https:\/\/alligatorslanderneau.com\/index.php\/wp-json\/wp\/v2\/pages\/81\/revisions\/1441"}],"wp:attachment":[{"href":"https:\/\/alligatorslanderneau.com\/index.php\/wp-json\/wp\/v2\/media?parent=81"}],"curies":[{"name":"wp","href":"https:\/\/api.w.org\/{rel}","templated":true}]}}