{"id":948,"date":"2020-06-09T17:10:22","date_gmt":"2020-06-09T15:10:22","guid":{"rendered":"http:\/\/alligatorslanderneau.com\/?page_id=948"},"modified":"2020-06-09T17:10:22","modified_gmt":"2020-06-09T15:10:22","slug":"conditions-de-pratique","status":"publish","type":"page","link":"https:\/\/alligatorslanderneau.com\/index.php\/conditions-de-pratique\/","title":{"rendered":"Conditions de pratique"},"content":{"rendered":"\n<p>Pour toute pratique nautique avec les Alligators-Landerneau; il vous est demand\u00e9 de vous conform\u00e9 aux r\u00e8gles ci apr\u00e8s:<\/p>\n\n\n\n<ul><li>Savoir nager<\/li><li>Respecter les terrains priv\u00e9s et les autres utilisateurs de la rivi\u00e8re<\/li><li>respecter l&rsquo;environnement, la flore et la faune<\/li><\/ul>\n\n\n\n<p> L&rsquo; accueil dans nos locaux  s&rsquo;est organis\u00e9 afin de faire face l&rsquo;\u00e9pidemie POST-COVID. Le protocole sanitaire a \u00e9t\u00e9 \u00e9labor\u00e9 par les salari\u00e9s, le conseil d\u2019administration de la structure et les partenaires institutionnels afin de vous accueillir dans les meilleures conditions sanitaires. Un plan de circulation dans nos locaux est donc en vigueur; en lien avec l&rsquo;application des gestes barri\u00e8res. Nous suivons de pr\u00e8s l\u2019\u00e9volution des mesures sanitaires gouvernementales et du minist\u00e8re des sports, afin d&rsquo;adapter notre accueil. <\/p>\n\n\n\n<figure class=\"wp-block-image size-large\"><img loading=\"lazy\" width=\"1024\" height=\"724\" src=\"https:\/\/alligatorslanderneau.com\/wp-content\/uploads\/2020\/06\/sens-de-circulation-1024x724.jpg\" alt=\"\" class=\"wp-image-949\" srcset=\"https:\/\/alligatorslanderneau.com\/wp-content\/uploads\/2020\/06\/sens-de-circulation-1024x724.jpg 1024w, https:\/\/alligatorslanderneau.com\/wp-content\/uploads\/2020\/06\/sens-de-circulation-300x212.jpg 300w, https:\/\/alligatorslanderneau.com\/wp-content\/uploads\/2020\/06\/sens-de-circulation-768x543.jpg 768w, https:\/\/alligatorslanderneau.com\/wp-content\/uploads\/2020\/06\/sens-de-circulation-1536x1086.jpg 1536w, https:\/\/alligatorslanderneau.com\/wp-content\/uploads\/2020\/06\/sens-de-circulation-2048x1448.jpg 2048w, https:\/\/alligatorslanderneau.com\/wp-content\/uploads\/2020\/06\/sens-de-circulation-750x530.jpg 750w, https:\/\/alligatorslanderneau.com\/wp-content\/uploads\/2020\/06\/sens-de-circulation-400x283.jpg 400w, https:\/\/alligatorslanderneau.com\/wp-content\/uploads\/2020\/06\/sens-de-circulation-430x304.jpg 430w, https:\/\/alligatorslanderneau.com\/wp-content\/uploads\/2020\/06\/sens-de-circulation-150x106.jpg 150w, https:\/\/alligatorslanderneau.com\/wp-content\/uploads\/2020\/06\/sens-de-circulation-100x71.jpg 100w\" sizes=\"(max-width: 1024px) 100vw, 1024px\" \/><\/figure>\n\n\n\n<figure class=\"wp-block-image size-large\"><img loading=\"lazy\" width=\"724\" height=\"1024\" src=\"https:\/\/alligatorslanderneau.com\/wp-content\/uploads\/2020\/06\/affiche-ffck-1-724x1024.jpg\" alt=\"\" class=\"wp-image-950\" srcset=\"https:\/\/alligatorslanderneau.com\/wp-content\/uploads\/2020\/06\/affiche-ffck-1-724x1024.jpg 724w, https:\/\/alligatorslanderneau.com\/wp-content\/uploads\/2020\/06\/affiche-ffck-1-212x300.jpg 212w, https:\/\/alligatorslanderneau.com\/wp-content\/uploads\/2020\/06\/affiche-ffck-1-768x1086.jpg 768w, https:\/\/alligatorslanderneau.com\/wp-content\/uploads\/2020\/06\/affiche-ffck-1-1086x1536.jpg 1086w, https:\/\/alligatorslanderneau.com\/wp-content\/uploads\/2020\/06\/affiche-ffck-1-1448x2048.jpg 1448w, https:\/\/alligatorslanderneau.com\/wp-content\/uploads\/2020\/06\/affiche-ffck-1-750x1060.jpg 750w, https:\/\/alligatorslanderneau.com\/wp-content\/uploads\/2020\/06\/affiche-ffck-1-400x566.jpg 400w, https:\/\/alligatorslanderneau.com\/wp-content\/uploads\/2020\/06\/affiche-ffck-1-430x608.jpg 430w, https:\/\/alligatorslanderneau.com\/wp-content\/uploads\/2020\/06\/affiche-ffck-1-150x212.jpg 150w, https:\/\/alligatorslanderneau.com\/wp-content\/uploads\/2020\/06\/affiche-ffck-1-100x141.jpg 100w, https:\/\/alligatorslanderneau.com\/wp-content\/uploads\/2020\/06\/affiche-ffck-1-scaled.jpg 1811w\" sizes=\"(max-width: 724px) 100vw, 724px\" \/><\/figure>\n\n\n\n<figure class=\"wp-block-image size-large\"><img loading=\"lazy\" width=\"724\" height=\"1024\" src=\"https:\/\/alligatorslanderneau.com\/wp-content\/uploads\/2020\/06\/affiche-ffck-2-724x1024.jpg\" alt=\"\" class=\"wp-image-951\" srcset=\"https:\/\/alligatorslanderneau.com\/wp-content\/uploads\/2020\/06\/affiche-ffck-2-724x1024.jpg 724w, https:\/\/alligatorslanderneau.com\/wp-content\/uploads\/2020\/06\/affiche-ffck-2-212x300.jpg 212w, https:\/\/alligatorslanderneau.com\/wp-content\/uploads\/2020\/06\/affiche-ffck-2-768x1086.jpg 768w, https:\/\/alligatorslanderneau.com\/wp-content\/uploads\/2020\/06\/affiche-ffck-2-1086x1536.jpg 1086w, https:\/\/alligatorslanderneau.com\/wp-content\/uploads\/2020\/06\/affiche-ffck-2-1448x2048.jpg 1448w, https:\/\/alligatorslanderneau.com\/wp-content\/uploads\/2020\/06\/affiche-ffck-2-750x1060.jpg 750w, https:\/\/alligatorslanderneau.com\/wp-content\/uploads\/2020\/06\/affiche-ffck-2-400x566.jpg 400w, https:\/\/alligatorslanderneau.com\/wp-content\/uploads\/2020\/06\/affiche-ffck-2-430x608.jpg 430w, https:\/\/alligatorslanderneau.com\/wp-content\/uploads\/2020\/06\/affiche-ffck-2-150x212.jpg 150w, https:\/\/alligatorslanderneau.com\/wp-content\/uploads\/2020\/06\/affiche-ffck-2-100x141.jpg 100w, https:\/\/alligatorslanderneau.com\/wp-content\/uploads\/2020\/06\/affiche-ffck-2-scaled.jpg 1811w\" sizes=\"(max-width: 724px) 100vw, 724px\" \/><\/figure>\n","protected":false},"excerpt":{"rendered":"<p>Pour toute pratique nautique avec les Alligators-Landerneau; il vous est demand\u00e9 de vous conform\u00e9 aux r\u00e8gles ci apr\u00e8s: Savoir nager Respecter les terrains priv\u00e9s et les autres utilisateurs de la [&hellip;]<\/p>\n","protected":false},"author":1,"featured_media":0,"parent":0,"menu_order":0,"comment_status":"closed","ping_status":"closed","template":"","meta":[],"_links":{"self":[{"href":"https:\/\/alligatorslanderneau.com\/index.php\/wp-json\/wp\/v2\/pages\/948"}],"collection":[{"href":"https:\/\/alligatorslanderneau.com\/index.php\/wp-json\/wp\/v2\/pages"}],"about":[{"href":"https:\/\/alligatorslanderneau.com\/index.php\/wp-json\/wp\/v2\/types\/page"}],"author":[{"embeddable":true,"href":"https:\/\/alligatorslanderneau.com\/index.php\/wp-json\/wp\/v2\/users\/1"}],"replies":[{"embeddable":true,"href":"https:\/\/alligatorslanderneau.com\/index.php\/wp-json\/wp\/v2\/comments?post=948"}],"version-history":[{"count":2,"href":"https:\/\/alligatorslanderneau.com\/index.php\/wp-json\/wp\/v2\/pages\/948\/revisions"}],"predecessor-version":[{"id":953,"href":"https:\/\/alligatorslanderneau.com\/index.php\/wp-json\/wp\/v2\/pages\/948\/revisions\/953"}],"wp:attachment":[{"href":"https:\/\/alligatorslanderneau.com\/index.php\/wp-json\/wp\/v2\/media?parent=948"}],"curies":[{"name":"wp","href":"https:\/\/api.w.org\/{rel}","templated":true}]}}